{"id":123,"date":"2022-03-20T21:27:44","date_gmt":"2022-03-20T21:27:44","guid":{"rendered":"https:\/\/www.ateepix.com\/wordpress\/?page_id=123"},"modified":"2022-03-23T12:55:28","modified_gmt":"2022-03-23T12:55:28","slug":"nos-prestations-activite-entreprise","status":"publish","type":"page","link":"https:\/\/www.ateepix.com\/?page_id=123","title":{"rendered":"Nos prestations activit\u00e9 entreprise"},"content":{"rendered":"<div id=\"pricing\" class=\"tatsu-r1SNfQxkq tatsu-section    tatsu-clearfix\" data-title=\"\"  data-headerscheme=\"background--dark\"><div class='tatsu-section-pad clearfix' data-padding='{\"d\":\"90px 0px 305px 0px\",\"l\":\"91px 0px 279px 0px\"}' data-padding-top='90px'><div class=\"tatsu-row-wrap  tatsu-wrap tatsu-row-one-col tatsu-row-has-one-cols tatsu-medium-gutter tatsu-reg-cols  tatsu-clearfix tatsu-SJlHEfXlkq\" ><style>@media only screen and (max-width:1377px) {.tatsu-SJlHEfXlkq.tatsu-row-wrap > .tatsu-row{padding: 25px 0px 0px 0px;}}<\/style><div  class=\"tatsu-row \" ><div  class=\"tatsu-column  tatsu-column-no-bg tatsu-one-col tatsu-column-image-none tatsu-column-effect-none  tatsu-ryWH4GQgJ9\"  data-parallax-speed=\"0\" style=\"\"><div class=\"tatsu-column-inner \" ><div class=\"tatsu-column-pad-wrap\"><div class=\"tatsu-column-pad\" ><div  class=\"tatsu-module tatsu-inline-text clearfix tatsu-ryfSVzmg15   \" ><style>.tatsu-ryfSVzmg15 .tatsu-inline-text-inner{width: 100%;text-align: center;}.tatsu-ryfSVzmg15.tatsu-inline-text{margin: 0px 0px 15px 0px ;}.tatsu-ryfSVzmg15.tatsu-inline-text .tatsu-inline-text-inner *{text-transform : none;font-size : 55px;}@media only screen and (max-width: 767px) {.tatsu-ryfSVzmg15.tatsu-inline-text .tatsu-inline-text-inner *{text-transform : none;font-size : 41px;}.tatsu-ryfSVzmg15 .tatsu-inline-text-inner{padding: 40px 0px 0px 0px;}}<\/style><div class=\"tatsu-inline-text-inner tatsu-align-center\">\n<h2 style=\"text-align: center;\"><span style=\"color: #fdffff;\">ENTREPRISE<\/span><\/h2>\n<\/div><\/div><div  class=\"tatsu-module tatsu-inline-text clearfix tatsu-rJQHVzmeJq   \" ><style>.tatsu-rJQHVzmeJq .tatsu-inline-text-inner{width: 45%;text-align: left;}.tatsu-rJQHVzmeJq.tatsu-inline-text .tatsu-inline-text-inner *{text-transform : none;font-size : 18px;}@media only screen and (max-width:1377px) {.tatsu-rJQHVzmeJq .tatsu-inline-text-inner{padding: 0px 0px 0px 0px;}}@media only screen and (max-width: 767px) {.tatsu-rJQHVzmeJq .tatsu-inline-text-inner{width: 100%;}}<\/style><div class=\"tatsu-inline-text-inner tatsu-align-center\">\n<p style=\"text-align: center;\"><span style=\"color: #ffffff;\"><strong>Toute option peut \u00eatre selectionn\u00e9e de mani\u00e8re ind\u00e9pendante<\/strong><\/span><\/p>\n<\/div><\/div><\/div><\/div><div class = \"tatsu-column-bg-image-wrap\"><div class = \"tatsu-column-bg-image\" ><\/div><\/div><\/div><style>.tatsu-row > .tatsu-ryWH4GQgJ9.tatsu-column{width: 100%;}.tatsu-ryWH4GQgJ9.tatsu-column > .tatsu-column-inner > .tatsu-column-overlay{mix-blend-mode: none;}.tatsu-ryWH4GQgJ9 > .tatsu-column-inner > .tatsu-top-divider{z-index: 9999;}.tatsu-ryWH4GQgJ9 > .tatsu-column-inner > .tatsu-bottom-divider{z-index: 9999;}.tatsu-ryWH4GQgJ9 > .tatsu-column-inner > .tatsu-left-divider{z-index: 9999;}.tatsu-ryWH4GQgJ9 > .tatsu-column-inner > .tatsu-right-divider{z-index: 9999;}@media only screen and (max-width:1377px) {.tatsu-row > .tatsu-ryWH4GQgJ9.tatsu-column{width: 100%;}}@media only screen and (min-width:768px) and (max-width: 1024px) {.tatsu-row > .tatsu-ryWH4GQgJ9.tatsu-column{width: 100%;}}@media only screen and (max-width: 767px) {.tatsu-row > .tatsu-ryWH4GQgJ9.tatsu-column{width: 100%;}}<\/style><\/div><\/div><\/div><div class=\"tatsu-row-wrap  tatsu-wrap tatsu-row-has-one-half tatsu-row-has-two-cols tatsu-medium-gutter tatsu-reg-cols  tatsu-clearfix tatsu-HyEHVzQxJc\" ><style>@media only screen and (min-width:768px) and (max-width: 1024px) {.tatsu-HyEHVzQxJc.tatsu-row-wrap > .tatsu-row{padding: 0px 20% 0px 20%;}}<\/style><div  class=\"tatsu-row \" ><div  class=\"tatsu-column  tatsu-one-half tatsu-animate tatsu-column-align-top tatsu-column-image-none tatsu-column-effect-none  tatsu-HyBHNf7gk9\" data-animation=\"fadeInUp\"   data-parallax-speed=\"0\" style=\"\"><div class=\"tatsu-column-inner \" ><div class=\"tatsu-column-pad-wrap\"><div class=\"tatsu-column-pad\" ><div  class=\"tatsu-module tatsu-inline-text clearfix tatsu-S18BEGmgyq   \" ><style>.tatsu-S18BEGmgyq .tatsu-inline-text-inner{width: 100%;text-align: center;}.tatsu-S18BEGmgyq.tatsu-inline-text{margin: 0px 0px 0px 0px ;}.tatsu-S18BEGmgyq.tatsu-inline-text .tatsu-inline-text-inner *{text-transform : none;font-size : 34px;letter-spacing : 0px;}@media only screen and (max-width: 767px) {.tatsu-S18BEGmgyq.tatsu-inline-text .tatsu-inline-text-inner *{text-transform : none;font-size : 25px;letter-spacing : 0px;}}<\/style><div class=\"tatsu-inline-text-inner tatsu-align-center\">\n<h4><strong><span style=\"color: #090909;\">INTERVIEW ET VIDEO CV<\/span><\/strong><\/h4>\n<\/div><\/div><div  class=\"tatsu-module tatsu-inline-text clearfix tatsu-HyDHNGQe19   \" ><style>.tatsu-HyDHNGQe19 .tatsu-inline-text-inner{width: 100%;text-align: left;}.tatsu-HyDHNGQe19.tatsu-inline-text{margin: 0px 0px 20px 0px ;}<\/style><div class=\"tatsu-inline-text-inner tatsu-align-center\"><\/div><\/div><ul  class=\"tatsu-module tatsu-list tatsu-SkdBVfmek9    tatsu-list-bordered tatsu-lists-icon\" ><style>.tatsu-SkdBVfmek9{margin: 0 0 60px 0;}.tatsu-SkdBVfmek9.tatsu-list-bordered .tatsu-list-content{padding: 25px 0;}<\/style><li  class=\"tatsu-list-content tatsu-HkKHVf7gkc   \" ><div class=\"tatsu-list-icon-wrap\" ><i class=\"tatsu-icon icon-icon_check \"><\/i><\/div><div class=\"tatsu-list-inner\">\n<h6 style=\"text-align: left;\">Captation et montage d&#8217;environ<strong> 2 min<\/strong> pouvant aller jusqu&#8217;\u00e0 4K (micro directionnel ou micro cravatte, lumieres et materiel adapt\u00e9)<\/h6>\n<\/div><style>.tatsu-HkKHVf7gkc .tatsu-icon, .tatsu-HkKHVf7gkc.tatsu-list-content::before{color: rgba(82,142,255,1) ;}.tatsu-HkKHVf7gkc{border-style: solid;}<\/style><\/li><li  class=\"tatsu-list-content tatsu-rJ5SNMmlJq   \" ><div class=\"tatsu-list-icon-wrap\" ><i class=\"tatsu-icon icon-icon_close \"><\/i><\/div><div class=\"tatsu-list-inner\">\n<h6 style=\"text-align: left;\">Interview en multicam<\/h6>\n<\/div><style>.tatsu-rJ5SNMmlJq .tatsu-icon, .tatsu-rJ5SNMmlJq.tatsu-list-content::before{color: rgba(164,125,129,1) ;}.tatsu-rJ5SNMmlJq{border-style: solid;}<\/style><\/li><li  class=\"tatsu-list-content tatsu-SybQPXlkq   \" ><div class=\"tatsu-list-icon-wrap\" ><i class=\"tatsu-icon icon-icon_close \"><\/i><\/div><div class=\"tatsu-list-inner\">\n<h6>Plans d&#8217;illustration et mise en sc\u00e8ne<\/h6>\n<\/div><style>.tatsu-SybQPXlkq .tatsu-icon, .tatsu-SybQPXlkq.tatsu-list-content::before{color: rgba(164,125,129,1) ;}.tatsu-SybQPXlkq{border-style: solid;}<\/style><\/li><li  class=\"tatsu-list-content tatsu-rJ2HNfQl15   \" ><div class=\"tatsu-list-icon-wrap\" ><i class=\"tatsu-icon icon-icon_check \"><\/i><\/div><div class=\"tatsu-list-inner\">\n<h6 style=\"text-align: left;\">Musique libre de droit et retouches colorim\u00e9triques\u00a0<\/h6>\n<\/div><style>.tatsu-rJ2HNfQl15 .tatsu-icon, .tatsu-rJ2HNfQl15.tatsu-list-content::before{color: rgba(82,142,255,1) ;}.tatsu-rJ2HNfQl15{border-style: solid;}<\/style><\/li><li  class=\"tatsu-list-content tatsu-HyCHEfme1q   \" ><div class=\"tatsu-list-icon-wrap\" ><i class=\"tatsu-icon icon-icon_check \"><\/i><\/div><div class=\"tatsu-list-inner\">\n<h6 style=\"text-align: left;\">Insertion du logo (fourni par le client)<\/h6>\n<\/div><style>.tatsu-HyCHEfme1q .tatsu-icon, .tatsu-HyCHEfme1q.tatsu-list-content::before{color: rgba(82,142,255,1) ;}.tatsu-HyCHEfme1q{border-style: solid;}<\/style><\/li><li  class=\"tatsu-list-content tatsu-Hy-xS4M7xJ5   \" ><div class=\"tatsu-list-icon-wrap\" ><i class=\"tatsu-icon icon-icon_check \"><\/i><\/div><div class=\"tatsu-list-inner\">\n<h6 style=\"text-align: left;\">Livraison en 3 jours ouvr\u00e9s<\/h6>\n<\/div><style>.tatsu-Hy-xS4M7xJ5 .tatsu-icon, .tatsu-Hy-xS4M7xJ5.tatsu-list-content::before{color: rgba(82,142,255,1) ;}.tatsu-Hy-xS4M7xJ5{border-style: solid;}<\/style><\/li><li  class=\"tatsu-list-content tatsu-HyzlSVMQlk5   \" ><div class=\"tatsu-list-icon-wrap\" ><i class=\"tatsu-icon icon-icon_check \"><\/i><\/div><div class=\"tatsu-list-inner\">\n<h6 style=\"text-align: left;\"><strong>2<\/strong> <strong>modifications<\/strong> possibles<\/h6>\n<\/div><style>.tatsu-HyzlSVMQlk5 .tatsu-icon, .tatsu-HyzlSVMQlk5.tatsu-list-content::before{color: rgba(82,142,255,1) ;}.tatsu-HyzlSVMQlk5{border-style: solid;}<\/style><\/li><\/ul><\/div><\/div><div class = \"tatsu-column-bg-image-wrap\"><div class = \"tatsu-column-bg-image\" ><\/div><\/div><\/div><style>.tatsu-row > .tatsu-HyBHNf7gk9.tatsu-column{width: 50%;}.tatsu-HyBHNf7gk9.tatsu-column > .tatsu-column-inner{background-color: rgba(219,233,221,0.95);box-shadow: 0px 5px 30px 0px rgba(214,215,216,0.57);}.tatsu-HyBHNf7gk9.tatsu-column > .tatsu-column-inner > .tatsu-column-pad-wrap > .tatsu-column-pad{padding: 50px 35px 50px 35px ;}.tatsu-HyBHNf7gk9.tatsu-column > .tatsu-column-inner > .tatsu-column-overlay{mix-blend-mode: none;}.tatsu-HyBHNf7gk9 > .tatsu-column-inner > .tatsu-top-divider{z-index: 9999;}.tatsu-HyBHNf7gk9 > .tatsu-column-inner > .tatsu-bottom-divider{z-index: 9999;}.tatsu-HyBHNf7gk9 > .tatsu-column-inner > .tatsu-left-divider{z-index: 9999;}.tatsu-HyBHNf7gk9 > .tatsu-column-inner > .tatsu-right-divider{z-index: 9999;}@media only screen and (max-width:1377px) {.tatsu-row > .tatsu-HyBHNf7gk9.tatsu-column{width: 50%;}}@media only screen and (min-width:768px) and (max-width: 1024px) {.tatsu-row > .tatsu-HyBHNf7gk9.tatsu-column{width: 100%;}}@media only screen and (max-width: 767px) {.tatsu-row > .tatsu-HyBHNf7gk9.tatsu-column{width: 100%;}}<\/style><\/div><div  class=\"tatsu-column  tatsu-one-half tatsu-animate tatsu-column-align-top tatsu-column-image-none tatsu-column-effect-none  tatsu-rkXgB4MmgJ9\" data-animation=\"fadeInUp\" data-animation-delay=\"150\"  data-parallax-speed=\"0\" style=\"\"><div class=\"tatsu-column-inner \" ><div class=\"tatsu-column-pad-wrap\"><div class=\"tatsu-column-pad\" ><div  class=\"tatsu-module tatsu-inline-text clearfix tatsu-HyMZrVfQe1c   \" ><style>.tatsu-HyMZrVfQe1c .tatsu-inline-text-inner{width: 100%;text-align: left;}.tatsu-HyMZrVfQe1c.tatsu-inline-text{margin: 0px 0px 0px 0px ;}.tatsu-HyMZrVfQe1c.tatsu-inline-text .tatsu-inline-text-inner *{text-transform : none;font-size : 34px;letter-spacing : 2px;}@media only screen and (max-width: 767px) {.tatsu-HyMZrVfQe1c.tatsu-inline-text .tatsu-inline-text-inner *{text-transform : none;font-size : 25px;letter-spacing : 0px;}}<\/style><div class=\"tatsu-inline-text-inner tatsu-align-center\">\n<h4 style=\"text-align: center;\"><strong>FILM D&#8217;ENTREPRISE<\/strong><\/h4>\n<\/div><\/div><div  class=\"tatsu-module tatsu-inline-text clearfix tatsu-SyX-BVMXe1q   \" ><style>.tatsu-SyX-BVMXe1q .tatsu-inline-text-inner{width: 100%;text-align: left;}.tatsu-SyX-BVMXe1q.tatsu-inline-text{margin: 0px 0px 20px 0px ;}<\/style><div class=\"tatsu-inline-text-inner tatsu-align-center\"><\/div><\/div><ul  class=\"tatsu-module tatsu-list tatsu-rkNbHVGmxyc    tatsu-list-bordered tatsu-lists-icon\" ><style>.tatsu-rkNbHVGmxyc{margin: 0 0 60px 0;}.tatsu-rkNbHVGmxyc.tatsu-list-bordered .tatsu-list-content{padding: 25px 0;}.tatsu-rkNbHVGmxyc .tatsu-list-content::before, .tatsu-rkNbHVGmxyc .tatsu-icon{color: rgba(34,147,215,1) ;}<\/style><li  class=\"tatsu-list-content tatsu-H1rZBVGmgJ5   \" ><div class=\"tatsu-list-icon-wrap\" ><i class=\"tatsu-icon icon-icon_check \"><\/i><\/div><div class=\"tatsu-list-inner\">\n<h6 style=\"text-align: left;\">Captation et montage d&#8217;environ<strong> 4 min<\/strong> pouvant aller jusqu&#8217;\u00e0 4K (micro directionnel ou micro cravatte, lumieres et materiel adapt\u00e9)<\/h6>\n<\/div><style>.tatsu-H1rZBVGmgJ5 .tatsu-icon, .tatsu-H1rZBVGmgJ5.tatsu-list-content::before{color: rgba(82,142,255,1) ;}.tatsu-H1rZBVGmgJ5{border-style: solid;}<\/style><\/li><li  class=\"tatsu-list-content tatsu-Hk8-r4Gmgyq   \" ><div class=\"tatsu-list-icon-wrap\" ><i class=\"tatsu-icon icon-icon_check \"><\/i><\/div><div class=\"tatsu-list-inner\">\n<h6><strong>5 interviews<\/strong> en multicam<\/h6>\n<\/div><style>.tatsu-Hk8-r4Gmgyq .tatsu-icon, .tatsu-Hk8-r4Gmgyq.tatsu-list-content::before{color: rgba(82,142,255,1) ;}.tatsu-Hk8-r4Gmgyq{border-style: solid;}<\/style><\/li><li  class=\"tatsu-list-content tatsu-ByPZB4z7lk5   \" ><div class=\"tatsu-list-icon-wrap\" ><i class=\"tatsu-icon icon-icon_check \"><\/i><\/div><div class=\"tatsu-list-inner\">\n<h6><strong>Plans d&#8217;illustration et mise en sc\u00e8ne<\/strong><\/h6>\n<\/div><style>.tatsu-ByPZB4z7lk5 .tatsu-icon, .tatsu-ByPZB4z7lk5.tatsu-list-content::before{color: rgba(82,142,255,1) ;}.tatsu-ByPZB4z7lk5{border-style: solid;}<\/style><\/li><li  class=\"tatsu-list-content tatsu-SJ_ZBVfmlk5   \" ><div class=\"tatsu-list-icon-wrap\" ><i class=\"tatsu-icon icon-icon_check \"><\/i><\/div><div class=\"tatsu-list-inner\">\n<h6>Musique libre de droit et retouches colorim\u00e9triques\u00a0<\/h6>\n<\/div><style>.tatsu-SJ_ZBVfmlk5 .tatsu-icon, .tatsu-SJ_ZBVfmlk5.tatsu-list-content::before{color: rgba(82,142,255,1) ;}.tatsu-SJ_ZBVfmlk5{border-style: solid;}<\/style><\/li><li  class=\"tatsu-list-content tatsu-SJc-BEMXgyc   \" ><div class=\"tatsu-list-icon-wrap\" ><i class=\"tatsu-icon icon-icon_check \"><\/i><\/div><div class=\"tatsu-list-inner\">\n<h6 style=\"text-align: left;\">Insertion du logo (fourni par le client)<\/h6>\n<\/div><style>.tatsu-SJc-BEMXgyc .tatsu-icon, .tatsu-SJc-BEMXgyc.tatsu-list-content::before{color: rgba(82,142,255,1) ;}.tatsu-SJc-BEMXgyc{border-style: solid;}<\/style><\/li><li  class=\"tatsu-list-content tatsu-BJTZr4Gme19   \" ><div class=\"tatsu-list-icon-wrap\" ><i class=\"tatsu-icon icon-icon_check \"><\/i><\/div><div class=\"tatsu-list-inner\">\n<h6 style=\"text-align: left;\">Livraison en 5 jours ouvr\u00e9s<\/h6>\n<\/div><style>.tatsu-BJTZr4Gme19 .tatsu-icon, .tatsu-BJTZr4Gme19.tatsu-list-content::before{color: rgba(82,142,255,1) ;}.tatsu-BJTZr4Gme19{border-style: solid;}<\/style><\/li><li  class=\"tatsu-list-content tatsu-rJRWHVMmxkq   \" ><div class=\"tatsu-list-icon-wrap\" ><i class=\"tatsu-icon icon-icon_check \"><\/i><\/div><div class=\"tatsu-list-inner\">\n<h6 style=\"text-align: left;\"><strong>2 modifications<\/strong> possibles<\/h6>\n<\/div><style>.tatsu-rJRWHVMmxkq{border-style: solid;}<\/style><\/li><\/ul><\/div><\/div><div class = \"tatsu-column-bg-image-wrap\"><div class = \"tatsu-column-bg-image\" ><\/div><\/div><\/div><style>.tatsu-row > .tatsu-rkXgB4MmgJ9.tatsu-column{width: 50%;}.tatsu-rkXgB4MmgJ9.tatsu-column > .tatsu-column-inner{background-color: rgba(216,241,189,0.95);box-shadow: 0px 5px 30px 0px rgba(214,215,216,0.57);}.tatsu-rkXgB4MmgJ9.tatsu-column > .tatsu-column-inner > .tatsu-column-pad-wrap > .tatsu-column-pad{padding: 50px 35px 50px 35px ;}.tatsu-rkXgB4MmgJ9.tatsu-column > .tatsu-column-inner > .tatsu-column-overlay{mix-blend-mode: none;}.tatsu-rkXgB4MmgJ9 > .tatsu-column-inner > .tatsu-top-divider{z-index: 9999;}.tatsu-rkXgB4MmgJ9 > .tatsu-column-inner > .tatsu-bottom-divider{z-index: 9999;}.tatsu-rkXgB4MmgJ9 > .tatsu-column-inner > .tatsu-left-divider{z-index: 9999;}.tatsu-rkXgB4MmgJ9 > .tatsu-column-inner > .tatsu-right-divider{z-index: 9999;}@media only screen and (max-width:1377px) {.tatsu-row > .tatsu-rkXgB4MmgJ9.tatsu-column{width: 50%;}}@media only screen and (min-width:768px) and (max-width: 1024px) {.tatsu-row > .tatsu-rkXgB4MmgJ9.tatsu-column{width: 100%;}}@media only screen and (max-width: 767px) {.tatsu-row > .tatsu-rkXgB4MmgJ9.tatsu-column{width: 100%;}}<\/style><\/div><\/div><\/div><div class=\"tatsu-row-wrap  tatsu-wrap tatsu-row-one-col tatsu-row-has-one-cols tatsu-medium-gutter tatsu-reg-cols  tatsu-clearfix tatsu-r11GBEGmlJc\" ><div  class=\"tatsu-row \" ><div  class=\"tatsu-column  tatsu-column-no-bg tatsu-one-col tatsu-column-image-none tatsu-column-effect-none  tatsu-rJgfHNfQe15\"  data-parallax-speed=\"0\" style=\"\"><div class=\"tatsu-column-inner \" ><div class=\"tatsu-column-pad-wrap\"><div class=\"tatsu-column-pad\" ><div  class=\"tatsu-empty-space  tatsu-rkPT13gkq  \" ><style>.tatsu-rkPT13gkq.tatsu-empty-space{height: 30px;}<\/style><\/div><div  class=\"tatsu-module tatsu-normal-button tatsu-button-wrap align-block block-center  tatsu-H18lqoeJ9   \"><a class=\"tatsu-shortcode x-largebtn tatsu-button left-icon circular   bg-animation-none  \" href=\"https:\/\/www.ateepix.com\/?page_id=990\" style= \"\"  aria-label=\"DEMANDEZ UN DEVIS\" data-gdpr-atts={} >DEMANDEZ UN DEVIS<\/a><style>.tatsu-H18lqoeJ9 .tatsu-button{background-color: rgba(74,144,226,0.79);color: #ffffff ;}<\/style><\/div><div  class=\"tatsu-empty-space  tatsu-ryWGHVzXly5  \" ><style>.tatsu-ryWGHVzXly5.tatsu-empty-space{height: 20px;}<\/style><\/div><\/div><\/div><div class = \"tatsu-column-bg-image-wrap\"><div class = \"tatsu-column-bg-image\" ><\/div><\/div><\/div><style>.tatsu-row > .tatsu-rJgfHNfQe15.tatsu-column{width: 100%;}.tatsu-rJgfHNfQe15.tatsu-column > .tatsu-column-inner > .tatsu-column-overlay{mix-blend-mode: none;}.tatsu-rJgfHNfQe15 > .tatsu-column-inner > .tatsu-top-divider{z-index: 9999;}.tatsu-rJgfHNfQe15 > .tatsu-column-inner > .tatsu-bottom-divider{z-index: 9999;}.tatsu-rJgfHNfQe15 > .tatsu-column-inner > .tatsu-left-divider{z-index: 9999;}.tatsu-rJgfHNfQe15 > .tatsu-column-inner > .tatsu-right-divider{z-index: 9999;}@media only screen and (max-width:1377px) {.tatsu-row > .tatsu-rJgfHNfQe15.tatsu-column{width: 100%;}}@media only screen and (min-width:768px) and (max-width: 1024px) {.tatsu-row > .tatsu-rJgfHNfQe15.tatsu-column{width: 100%;}}@media only screen and (max-width: 767px) {.tatsu-row > .tatsu-rJgfHNfQe15.tatsu-column{width: 100%;}}<\/style><\/div><\/div><\/div><\/div><div class=\"tatsu-section-background-wrap\"><div class = \"tatsu-section-background\" ><\/div><\/div><style>.tatsu-r1SNfQxkq .tatsu-section-background{background-image: url(http:\/\/www.ateepix.com\/wp-content\/uploads\/2022\/03\/tech-meeting-flatlay-scaled.jpg);background-repeat: no-repeat;background-attachment: scroll;background-position: top left;background-size: cover;}.tatsu-r1SNfQxkq .tatsu-bg-blur{background-repeat: no-repeat;background-attachment: scroll;background-position: top left;background-size: cover;}.tatsu-r1SNfQxkq{border-width: 0px 0px 1px 0px ;border-color: rgba(239,239,239,1); border-style: solid;}.tatsu-r1SNfQxkq .tatsu-section-pad{padding: 90px 0px 305px 0px;}.tatsu-r1SNfQxkq > .tatsu-bottom-divider{z-index: 9999;}.tatsu-r1SNfQxkq > .tatsu-top-divider{z-index: 9999;}@media only screen and (max-width:1377px) {.tatsu-r1SNfQxkq .tatsu-section-background{background-position: top center;background-size: initial;}.tatsu-r1SNfQxkq .tatsu-bg-blur{background-position: top center;background-size: initial;}.tatsu-r1SNfQxkq .tatsu-section-pad{padding: 91px 0px 279px 0px;}.tatsu-r1SNfQxkq.tatsu-section{margin: 0px 0px 0px 0px;}}@media only screen and (min-width:768px) and (max-width: 1024px) {.tatsu-r1SNfQxkq .tatsu-section-background{background-position: top center;background-size: cover;}.tatsu-r1SNfQxkq .tatsu-bg-blur{background-position: top center;background-size: cover;}}@media only screen and (max-width: 767px) {.tatsu-r1SNfQxkq .tatsu-section-background{background-position: top center;background-size: cover;}.tatsu-r1SNfQxkq .tatsu-bg-blur{background-position: top center;background-size: cover;}}<\/style><\/div>\n","protected":false},"excerpt":{"rendered":"<p><a href=\"https:\/\/www.ateepix.com\/?page_id=123\" class=\"more-link style1-button\">Read More<\/a><\/p>","protected":false},"author":2,"featured_media":0,"parent":0,"menu_order":0,"comment_status":"closed","ping_status":"closed","template":"","meta":[],"_links":{"self":[{"href":"https:\/\/www.ateepix.com\/index.php?rest_route=\/wp\/v2\/pages\/123"}],"collection":[{"href":"https:\/\/www.ateepix.com\/index.php?rest_route=\/wp\/v2\/pages"}],"about":[{"href":"https:\/\/www.ateepix.com\/index.php?rest_route=\/wp\/v2\/types\/page"}],"author":[{"embeddable":true,"href":"https:\/\/www.ateepix.com\/index.php?rest_route=\/wp\/v2\/users\/2"}],"replies":[{"embeddable":true,"href":"https:\/\/www.ateepix.com\/index.php?rest_route=%2Fwp%2Fv2%2Fcomments&post=123"}],"version-history":[{"count":39,"href":"https:\/\/www.ateepix.com\/index.php?rest_route=\/wp\/v2\/pages\/123\/revisions"}],"predecessor-version":[{"id":1006,"href":"https:\/\/www.ateepix.com\/index.php?rest_route=\/wp\/v2\/pages\/123\/revisions\/1006"}],"wp:attachment":[{"href":"https:\/\/www.ateepix.com\/index.php?rest_route=%2Fwp%2Fv2%2Fmedia&parent=123"}],"curies":[{"name":"wp","href":"https:\/\/api.w.org\/{rel}","templated":true}]}}